{"id":11438,"date":"2023-01-13T13:49:36","date_gmt":"2023-01-13T12:49:36","guid":{"rendered":"https:\/\/afbparistransfer.fr\/?page_id=11438"},"modified":"2023-01-13T14:30:35","modified_gmt":"2023-01-13T13:30:35","slug":"mentions-legales","status":"publish","type":"page","link":"https:\/\/afbparistransfer.fr\/en\/mentions-legales\/","title":{"rendered":"Mentions L\u00e9gales"},"content":{"rendered":"<div data-elementor-type=\"wp-page\" data-elementor-id=\"11438\" class=\"elementor elementor-11438\">\n\t\t\t\t\t\t<section class=\"elementor-section elementor-top-section elementor-element elementor-element-2de6e8e elementor-section-boxed elementor-section-height-default elementor-section-height-default\" data-id=\"2de6e8e\" data-element_type=\"section\" data-e-type=\"section\">\n\t\t\t\t\t\t<div class=\"elementor-container elementor-column-gap-default\">\n\t\t\t\t\t<div class=\"elementor-column elementor-col-100 elementor-top-column elementor-element elementor-element-55d355a\" data-id=\"55d355a\" data-element_type=\"column\" data-e-type=\"column\">\n\t\t\t<div class=\"elementor-widget-wrap elementor-element-populated\">\n\t\t\t\t\t\t<section class=\"elementor-section elementor-inner-section elementor-element elementor-element-3ead371 elementor-section-boxed elementor-section-height-default elementor-section-height-default\" data-id=\"3ead371\" data-element_type=\"section\" data-e-type=\"section\">\n\t\t\t\t\t\t<div class=\"elementor-container elementor-column-gap-default\">\n\t\t\t\t\t<div class=\"elementor-column elementor-col-100 elementor-inner-column elementor-element elementor-element-bbbd96c\" data-id=\"bbbd96c\" data-element_type=\"column\" data-e-type=\"column\">\n\t\t\t<div class=\"elementor-widget-wrap elementor-element-populated\">\n\t\t\t\t\t\t<div class=\"elementor-element elementor-element-4bcd0fa elementor-widget elementor-widget-heading\" data-id=\"4bcd0fa\" data-element_type=\"widget\" data-e-type=\"widget\" data-widget_type=\"heading.default\">\n\t\t\t\t<div class=\"elementor-widget-container\">\n\t\t\t\t\t<h2 class=\"elementor-heading-title elementor-size-default\">MENTIONS L\u00c9GALES<\/h2>\t\t\t\t<\/div>\n\t\t\t\t<\/div>\n\t\t\t\t<div class=\"elementor-element elementor-element-c1f983b elementor-widget elementor-widget-text-editor\" data-id=\"c1f983b\" data-element_type=\"widget\" data-e-type=\"widget\" data-widget_type=\"text-editor.default\">\n\t\t\t\t<div class=\"elementor-widget-container\">\n\t\t\t\t\t\t\t\t\t<p>Ce site est la propri\u00e9t\u00e9 de AFB PARIS TRANSFER, SASU. En qualit\u00e9 de producteur des informations contenues dans ce site, AFB PARIS TRANSFER, SASU interdit, sauf autorisation expresse, toute extraction m\u00eame partielle de son contenu qui constitue une base de donn\u00e9es au sens de l\u2019art L341 du code de la Propri\u00e9t\u00e9 intellectuelle.<br \/><span style=\"color: var( --e-global-color-text ); font-family: var( --e-global-typography-text-font-family ), Sans-serif; font-weight: var( --e-global-typography-text-font-weight ); font-size: 1rem;\"><br \/>DIRECTEUR DE LA PUBLICATION<br \/>M. Kamel LAACHER<br \/><\/span>AFB PARIS TRANSFER, SAS<br \/>SIRET : 81338758600015<\/p><p>CR\u00c9ATION ET D\u00c9VELOPPEMENT DU SITE<br \/>AGENCECC<br \/>46, rue Henri Poincar\u00e9<br \/>92600 Asni\u00e8res-sur-Seine<\/p><p>H\u00c9BERGEMENT<br \/>Hostinger International Ltd.<br \/>61 Lordou Vironos<br \/>Larnaca, CY, 6023<br \/>Cyprus<\/p><p>https:\/\/www.hostinger.com\/<\/p><p>TRAITEMENT DES DONN\u00c9ES PERSONNELLES<br \/>Toutes les informations vous concernant r\u00e9colt\u00e9es dans les formulaires disponibles sur ce site sont destin\u00e9es \u00e0 notre seul usage. En conformit\u00e9 avec la loi n\u00b0787-17 du 16 juin 1978 (CNIL), vous pouvez par simple courrier ou e-mail, nous signaler toute erreur ou tout changement concernant les \u00e9l\u00e9ments que vous nous fournissez, ou vous pouvez demander \u00e0 ne plus figurer sur notre fichier informatique.<\/p><p>DROIT D\u2019AUTEUR \u2013 COPYRIGHT<br \/>L\u2019ensemble de ce site rel\u00e8ve de la l\u00e9gislation fran\u00e7aise et internationale sur le droit d\u2019auteur et la propri\u00e9t\u00e9 intellectuelle. Tous les droits de reproduction sont r\u00e9serv\u00e9s, y compris pour les documents t\u00e9l\u00e9chargeables et les repr\u00e9sentations iconographiques et photographiques. La reproduction de tout ou partie de ce site sur un support \u00e9lectronique ou papier quel qu\u2019il soit est formellement interdite sauf autorisation expresse.<br \/>Les marques cit\u00e9es sur ce site sont d\u00e9pos\u00e9es par les soci\u00e9t\u00e9s qui en sont propri\u00e9taires.<\/p>\t\t\t\t\t\t\t\t<\/div>\n\t\t\t\t<\/div>\n\t\t\t\t\t<\/div>\n\t\t<\/div>\n\t\t\t\t\t<\/div>\n\t\t<\/section>\n\t\t\t\t\t<\/div>\n\t\t<\/div>\n\t\t\t\t\t<\/div>\n\t\t<\/section>\n\t\t\t\t<\/div>","protected":false},"excerpt":{"rendered":"<p>MENTIONS L\u00c9GALES Ce site est la propri\u00e9t\u00e9 de AFB PARIS TRANSFER, SASU. En qualit\u00e9 de producteur des informations contenues dans ce site, AFB PARIS TRANSFER, SASU interdit, sauf autorisation expresse, toute extraction m\u00eame partielle de son contenu qui constitue une base de donn\u00e9es au sens de l\u2019art L341 du code de la Propri\u00e9t\u00e9 intellectuelle. DIRECTEUR [&hellip;]<\/p>","protected":false},"author":2,"featured_media":0,"parent":0,"menu_order":0,"comment_status":"closed","ping_status":"closed","template":"","meta":{"footnotes":""},"class_list":["post-11438","page","type-page","status-publish","hentry"],"_links":{"self":[{"href":"https:\/\/afbparistransfer.fr\/en\/wp-json\/wp\/v2\/pages\/11438","targetHints":{"allow":["GET"]}}],"collection":[{"href":"https:\/\/afbparistransfer.fr\/en\/wp-json\/wp\/v2\/pages"}],"about":[{"href":"https:\/\/afbparistransfer.fr\/en\/wp-json\/wp\/v2\/types\/page"}],"author":[{"embeddable":true,"href":"https:\/\/afbparistransfer.fr\/en\/wp-json\/wp\/v2\/users\/2"}],"replies":[{"embeddable":true,"href":"https:\/\/afbparistransfer.fr\/en\/wp-json\/wp\/v2\/comments?post=11438"}],"version-history":[{"count":7,"href":"https:\/\/afbparistransfer.fr\/en\/wp-json\/wp\/v2\/pages\/11438\/revisions"}],"predecessor-version":[{"id":11447,"href":"https:\/\/afbparistransfer.fr\/en\/wp-json\/wp\/v2\/pages\/11438\/revisions\/11447"}],"wp:attachment":[{"href":"https:\/\/afbparistransfer.fr\/en\/wp-json\/wp\/v2\/media?parent=11438"}],"curies":[{"name":"wp","href":"https:\/\/api.w.org\/{rel}","templated":true}]}}